{"id":606,"date":"2025-11-07T08:48:15","date_gmt":"2025-11-07T08:48:15","guid":{"rendered":"https:\/\/productosmariagracia.com\/?post_type=product&#038;p=606"},"modified":"2026-03-16T18:02:36","modified_gmt":"2026-03-16T18:02:36","slug":"iaso-te-instantaneo","status":"publish","type":"product","link":"https:\/\/productosmariagracia.com\/?product=iaso-te-instantaneo","title":{"rendered":"Iaso T\u00e9 instant\u00e1neo"},"content":{"rendered":"<p style=\"text-align: left;\"><strong>Iaso\u00ae T\u00e9 Instant\u00e1neo<\/strong><br \/>\nNuestra combinaci\u00f3n \u00fanica est\u00e1 dise\u00f1ada para proporcionar una limpieza suave del colon y una desintoxicaci\u00f3n natural del cuerpo. El Iaso\u00ae T\u00e9 Instant\u00e1neo contiene varios extractos naturales y org\u00e1nicosconocidos por sus cualidades antiinflamatorias y antioxidantes.<br \/>\nLa suma de la fibra soluble en la f\u00f3rmula de Iaso\u00ae T\u00e9 Instant\u00e1neo est\u00e1dise\u00f1ada para reducir el apetito y ayudarte a sentirte m\u00e1s satisfecho despu\u00e9s de comer.<br \/>\nEl Iaso\u00ae T\u00e9 Instant\u00e1neo trabaja sin\u00e9rgicamente con toda la l\u00ednea de productos y suplementos de salud y bienestar de Total Life Changes.<br \/>\nLa fibra soluble que hemos incluido en nuestro t\u00e9 fomenta un apetito saludable y te ayuda a sentirte lleno. En estudios se ha demostrado que la fibra soluble promueve una dieta saludable y mantiene el tracto digestivo saludable.<\/p>\n<p style=\"text-align: left;\">1 Este producto es compatible con un estilo de vida saludable. Los resultados individuales no son garantizados y pueden variar seg\u00fan la dieta y el ejercicio. No podemos y no garantizamos que alcanzar\u00e1s un objetivo espec\u00edfico o resultado particular y aceptas el riesgo de que los resultados difieren para cada individuo.<br \/>\nEl \u00e9xito de la salud, el estado f\u00edsico y la nutrici\u00f3n depende de los antecedentes, la dedicaci\u00f3n, el deseo y motivaci\u00f3n de cada individuo. Siempre consulta con un profesional de la salud antes de consumir cualquier suplemento diet\u00e9tico.<\/p>\n","protected":false},"excerpt":{"rendered":"<p><strong>T\u00e9 Que Elimina Esas Libras De M\u00e1s<\/strong><\/p>\n<p>Una famosa bebida de limpieza completamente natural. Los beneficios populares de esta f\u00f3rmula de desintoxicaci\u00f3n son p\u00e9rdida y control de peso, un aumento de la energ\u00eda, claridad mental, piel m\u00e1s saludable y una suave limpieza de los intestinos y \u00f3rganos internos.* Toma 2 1\/2 tazas al d\u00eda y pierde hasta 5 lb en 5 d\u00edas.* El t\u00e9 original Iaso\u00ae es potenciado por una mezcla \u00fanica de nueve hierbas esenciales dise\u00f1ada para limpiar el\u00a0intestino grueso y delgado, que libera al organismo de toxinas da\u00f1inas.<\/p>\n","protected":false},"featured_media":609,"comment_status":"open","ping_status":"closed","template":"","meta":{"site-sidebar-layout":"default","site-content-layout":"","ast-site-content-layout":"default","site-content-style":"default","site-sidebar-style":"default","ast-global-header-display":"","ast-banner-title-visibility":"","ast-main-header-display":"","ast-hfb-above-header-display":"","ast-hfb-below-header-display":"","ast-hfb-mobile-header-display":"","site-post-title":"","ast-breadcrumbs-content":"","ast-featured-img":"","footer-sml-layout":"","theme-transparent-header-meta":"default","adv-header-id-meta":"","stick-header-meta":"","header-above-stick-meta":"","header-main-stick-meta":"","header-below-stick-meta":"","astra-migrate-meta-layouts":"set","ast-page-background-enabled":"default","ast-page-background-meta":{"desktop":{"background-color":"var(--ast-global-color-4)","background-image":"","background-repeat":"repeat","background-position":"center center","background-size":"auto","background-attachment":"scroll","background-type":"","background-media":"","overlay-type":"","overlay-color":"","overlay-opacity":"","overlay-gradient":""},"tablet":{"background-color":"","background-image":"","background-repeat":"repeat","background-position":"center center","background-size":"auto","background-attachment":"scroll","background-type":"","background-media":"","overlay-type":"","overlay-color":"","overlay-opacity":"","overlay-gradient":""},"mobile":{"background-color":"","background-image":"","background-repeat":"repeat","background-position":"center center","background-size":"auto","background-attachment":"scroll","background-type":"","background-media":"","overlay-type":"","overlay-color":"","overlay-opacity":"","overlay-gradient":""}},"ast-content-background-meta":{"desktop":{"background-color":"var(--ast-global-color-5)","background-image":"","background-repeat":"repeat","background-position":"center center","background-size":"auto","background-attachment":"scroll","background-type":"","background-media":"","overlay-type":"","overlay-color":"","overlay-opacity":"","overlay-gradient":""},"tablet":{"background-color":"var(--ast-global-color-5)","background-image":"","background-repeat":"repeat","background-position":"center center","background-size":"auto","background-attachment":"scroll","background-type":"","background-media":"","overlay-type":"","overlay-color":"","overlay-opacity":"","overlay-gradient":""},"mobile":{"background-color":"var(--ast-global-color-5)","background-image":"","background-repeat":"repeat","background-position":"center center","background-size":"auto","background-attachment":"scroll","background-type":"","background-media":"","overlay-type":"","overlay-color":"","overlay-opacity":"","overlay-gradient":""}}},"product_brand":[],"product_cat":[23],"product_tag":[24,25],"class_list":{"0":"post-606","1":"product","2":"type-product","3":"status-publish","4":"has-post-thumbnail","6":"product_cat-productos-para-control-de-peso","7":"product_tag-instantaneo","8":"product_tag-te","9":"desktop-align-left","10":"tablet-align-left","11":"mobile-align-left","13":"first","14":"instock","15":"shipping-taxable","16":"purchasable","17":"product-type-simple"},"aioseo_notices":[],"_links":{"self":[{"href":"https:\/\/productosmariagracia.com\/index.php?rest_route=\/wp\/v2\/product\/606","targetHints":{"allow":["GET"]}}],"collection":[{"href":"https:\/\/productosmariagracia.com\/index.php?rest_route=\/wp\/v2\/product"}],"about":[{"href":"https:\/\/productosmariagracia.com\/index.php?rest_route=\/wp\/v2\/types\/product"}],"replies":[{"embeddable":true,"href":"https:\/\/productosmariagracia.com\/index.php?rest_route=%2Fwp%2Fv2%2Fcomments&post=606"}],"version-history":[{"count":1,"href":"https:\/\/productosmariagracia.com\/index.php?rest_route=\/wp\/v2\/product\/606\/revisions"}],"predecessor-version":[{"id":1136,"href":"https:\/\/productosmariagracia.com\/index.php?rest_route=\/wp\/v2\/product\/606\/revisions\/1136"}],"wp:featuredmedia":[{"embeddable":true,"href":"https:\/\/productosmariagracia.com\/index.php?rest_route=\/wp\/v2\/media\/609"}],"wp:attachment":[{"href":"https:\/\/productosmariagracia.com\/index.php?rest_route=%2Fwp%2Fv2%2Fmedia&parent=606"}],"wp:term":[{"taxonomy":"product_brand","embeddable":true,"href":"https:\/\/productosmariagracia.com\/index.php?rest_route=%2Fwp%2Fv2%2Fproduct_brand&post=606"},{"taxonomy":"product_cat","embeddable":true,"href":"https:\/\/productosmariagracia.com\/index.php?rest_route=%2Fwp%2Fv2%2Fproduct_cat&post=606"},{"taxonomy":"product_tag","embeddable":true,"href":"https:\/\/productosmariagracia.com\/index.php?rest_route=%2Fwp%2Fv2%2Fproduct_tag&post=606"}],"curies":[{"name":"wp","href":"https:\/\/api.w.org\/{rel}","templated":true}]}}