{"id":630,"date":"2025-11-07T08:53:34","date_gmt":"2025-11-07T08:53:34","guid":{"rendered":"https:\/\/productosmariagracia.com\/?post_type=product&#038;p=630"},"modified":"2026-03-16T18:02:22","modified_gmt":"2026-03-16T18:02:22","slug":"iaso-te-instantaneo-sabor-sandia","status":"publish","type":"product","link":"https:\/\/productosmariagracia.com\/?product=iaso-te-instantaneo-sabor-sandia","title":{"rendered":"Iaso T\u00e9 instant\u00e1neo Sabor Sandia"},"content":{"rendered":"\t\t<div data-elementor-type=\"product-post\" data-elementor-id=\"630\" class=\"elementor elementor-630\" data-elementor-post-type=\"product\">\n\t\t\t\t<div class=\"elementor-element elementor-element-c15f5c4 e-flex e-con-boxed e-con e-parent\" data-id=\"c15f5c4\" data-element_type=\"container\">\n\t\t\t\t\t<div class=\"e-con-inner\">\n\t\t<div class=\"elementor-element elementor-element-9c57ae3 e-con-full e-flex e-con e-child\" data-id=\"9c57ae3\" data-element_type=\"container\">\n\t\t\t\t<div class=\"elementor-element elementor-element-2cb11cf elementor-widget elementor-widget-video\" data-id=\"2cb11cf\" data-element_type=\"widget\" data-settings=\"{&quot;video_type&quot;:&quot;hosted&quot;,&quot;controls&quot;:&quot;yes&quot;}\" data-widget_type=\"video.default\">\n\t\t\t\t\t\t\t<div class=\"e-hosted-video elementor-wrapper elementor-open-inline\">\n\t\t\t\t\t<video class=\"elementor-video\" src=\"https:\/\/productosmariagracia.com\/wp-content\/uploads\/2025\/11\/WhatsApp-Video-2025-10-25-at-9.23.02-PM.mp4\" controls=\"\" preload=\"metadata\" controlsList=\"nodownload\"><\/video>\n\t\t\t\t<\/div>\n\t\t\t\t\t\t<\/div>\n\t\t\t\t<\/div>\n\t\t<div class=\"elementor-element elementor-element-261824f e-con-full e-flex e-con e-child\" data-id=\"261824f\" data-element_type=\"container\">\n\t\t\t\t<div class=\"elementor-element elementor-element-33090e9d elementor-widget__width-auto elementor-widget elementor-widget-text-editor\" data-id=\"33090e9d\" data-element_type=\"widget\" data-widget_type=\"text-editor.default\">\n\t\t\t\t\t\t\t\t\t<p>&nbsp;<strong>Iaso\u00ae T\u00e9 Instant\u00e1neo<\/strong><\/p>\n<p>Nuestra combinaci\u00f3n \u00fanica est\u00e1 dise\u00f1ada para proporcionar una limpieza suave del colon y una desintoxicaci\u00f3n natural del cuerpo.<br>El Iaso\u00ae T\u00e9 Instant\u00e1neo contiene cualidades antiinflamatorias y antioxidantes. La suma de la fibra soluble en la f\u00f3rmula de Iaso\u00ae T\u00e9 Instant\u00e1neo est\u00e1 dise\u00f1ada para reducir el apetito y ayudarte a sentirte m\u00e1s satisfecho despu\u00e9s de comer. El Iaso\u00ae T\u00e9 Instant\u00e1neo trabaja sin\u00e9rgicamente con toda la l\u00ednea de productos y suplementos de salud y bienestar de Total Life Changes.<br>La fibra soluble que hemos incluido en nuestro t\u00e9 fomenta un apetito saludable y te ayuda a sentirte lleno. En estudios se ha demostrado que la fibra soluble promueve una dieta saludable y mantiene el<br>tracto digestivo saludable.<\/p>\n<p>1 Este producto es compatible con un estilo de vida saludable. Los resultados individuales no son garantizados y pueden variar seg\u00fan la dieta y el ejercicio. No podemos y no garantizamos que alcanzar\u00e1s un objetivo espec\u00edfico o resultado particular y aceptas el riesgo de que los resultados difieren para cada individuo.<br>El \u00e9xito de la salud, el estado f\u00edsico y la nutrici\u00f3n depende de los antecedentes, la dedicaci\u00f3n, el deseo y motivaci\u00f3n de cada individuo. Siempre consulta con un profesional de la salud antes de<br>consumir cualquier suplemento diet\u00e9tico.<\/p>\t\t\t\t\t\t\t\t<\/div>\n\t\t\t\t<\/div>\n\t\t\t\t\t<\/div>\n\t\t\t\t<\/div>\n\t\t<div class=\"elementor-element elementor-element-3eb5b3b2 e-flex e-con-boxed e-con e-parent\" data-id=\"3eb5b3b2\" data-element_type=\"container\">\n\t\t\t\t\t<div class=\"e-con-inner\">\n\t\t\t\t\t<\/div>\n\t\t\t\t<\/div>\n\t\t\t\t<\/div>\n\t\t","protected":false},"excerpt":{"rendered":"<p>\u00a1Disfruta del sabor del verano con este jugoso sabor de nuestro mundialmente famoso t\u00e9 instant\u00e1neo Iaso\u00ae! C\u00f3modo de llevar y f\u00e1cil de preparar, este suave t\u00e9 limpiador tiene como objetivo ayudarle a alcanzar sus objetivos de control de peso. Adem\u00e1s, \u00a1el dulce sabor a sand\u00eda hace de este t\u00e9 el refresco perfecto para un d\u00eda relajante bajo el sol!<\/p>\n","protected":false},"featured_media":611,"comment_status":"open","ping_status":"closed","template":"","meta":{"site-sidebar-layout":"default","site-content-layout":"","ast-site-content-layout":"default","site-content-style":"default","site-sidebar-style":"default","ast-global-header-display":"","ast-banner-title-visibility":"","ast-main-header-display":"","ast-hfb-above-header-display":"","ast-hfb-below-header-display":"","ast-hfb-mobile-header-display":"","site-post-title":"","ast-breadcrumbs-content":"","ast-featured-img":"","footer-sml-layout":"","theme-transparent-header-meta":"default","adv-header-id-meta":"","stick-header-meta":"","header-above-stick-meta":"","header-main-stick-meta":"","header-below-stick-meta":"","astra-migrate-meta-layouts":"set","ast-page-background-enabled":"default","ast-page-background-meta":{"desktop":{"background-color":"var(--ast-global-color-4)","background-image":"","background-repeat":"repeat","background-position":"center center","background-size":"auto","background-attachment":"scroll","background-type":"","background-media":"","overlay-type":"","overlay-color":"","overlay-opacity":"","overlay-gradient":""},"tablet":{"background-color":"","background-image":"","background-repeat":"repeat","background-position":"center center","background-size":"auto","background-attachment":"scroll","background-type":"","background-media":"","overlay-type":"","overlay-color":"","overlay-opacity":"","overlay-gradient":""},"mobile":{"background-color":"","background-image":"","background-repeat":"repeat","background-position":"center center","background-size":"auto","background-attachment":"scroll","background-type":"","background-media":"","overlay-type":"","overlay-color":"","overlay-opacity":"","overlay-gradient":""}},"ast-content-background-meta":{"desktop":{"background-color":"var(--ast-global-color-5)","background-image":"","background-repeat":"repeat","background-position":"center center","background-size":"auto","background-attachment":"scroll","background-type":"","background-media":"","overlay-type":"","overlay-color":"","overlay-opacity":"","overlay-gradient":""},"tablet":{"background-color":"var(--ast-global-color-5)","background-image":"","background-repeat":"repeat","background-position":"center center","background-size":"auto","background-attachment":"scroll","background-type":"","background-media":"","overlay-type":"","overlay-color":"","overlay-opacity":"","overlay-gradient":""},"mobile":{"background-color":"var(--ast-global-color-5)","background-image":"","background-repeat":"repeat","background-position":"center center","background-size":"auto","background-attachment":"scroll","background-type":"","background-media":"","overlay-type":"","overlay-color":"","overlay-opacity":"","overlay-gradient":""}}},"product_brand":[],"product_cat":[23],"product_tag":[24,31],"class_list":{"0":"post-630","1":"product","2":"type-product","3":"status-publish","4":"has-post-thumbnail","6":"product_cat-productos-para-control-de-peso","7":"product_tag-instantaneo","8":"product_tag-sandia","9":"desktop-align-left","10":"tablet-align-left","11":"mobile-align-left","13":"first","14":"instock","15":"shipping-taxable","16":"purchasable","17":"product-type-simple"},"aioseo_notices":[],"_links":{"self":[{"href":"https:\/\/productosmariagracia.com\/index.php?rest_route=\/wp\/v2\/product\/630","targetHints":{"allow":["GET"]}}],"collection":[{"href":"https:\/\/productosmariagracia.com\/index.php?rest_route=\/wp\/v2\/product"}],"about":[{"href":"https:\/\/productosmariagracia.com\/index.php?rest_route=\/wp\/v2\/types\/product"}],"replies":[{"embeddable":true,"href":"https:\/\/productosmariagracia.com\/index.php?rest_route=%2Fwp%2Fv2%2Fcomments&post=630"}],"version-history":[{"count":5,"href":"https:\/\/productosmariagracia.com\/index.php?rest_route=\/wp\/v2\/product\/630\/revisions"}],"predecessor-version":[{"id":962,"href":"https:\/\/productosmariagracia.com\/index.php?rest_route=\/wp\/v2\/product\/630\/revisions\/962"}],"wp:featuredmedia":[{"embeddable":true,"href":"https:\/\/productosmariagracia.com\/index.php?rest_route=\/wp\/v2\/media\/611"}],"wp:attachment":[{"href":"https:\/\/productosmariagracia.com\/index.php?rest_route=%2Fwp%2Fv2%2Fmedia&parent=630"}],"wp:term":[{"taxonomy":"product_brand","embeddable":true,"href":"https:\/\/productosmariagracia.com\/index.php?rest_route=%2Fwp%2Fv2%2Fproduct_brand&post=630"},{"taxonomy":"product_cat","embeddable":true,"href":"https:\/\/productosmariagracia.com\/index.php?rest_route=%2Fwp%2Fv2%2Fproduct_cat&post=630"},{"taxonomy":"product_tag","embeddable":true,"href":"https:\/\/productosmariagracia.com\/index.php?rest_route=%2Fwp%2Fv2%2Fproduct_tag&post=630"}],"curies":[{"name":"wp","href":"https:\/\/api.w.org\/{rel}","templated":true}]}}