{"id":633,"date":"2025-11-07T10:04:44","date_gmt":"2025-11-07T10:04:44","guid":{"rendered":"https:\/\/productosmariagracia.com\/?post_type=product&#038;p=633"},"modified":"2026-03-16T18:01:49","modified_gmt":"2026-03-16T18:01:49","slug":"iaso-tea-instant-ponche-tropical","status":"publish","type":"product","link":"https:\/\/productosmariagracia.com\/?product=iaso-tea-instant-ponche-tropical","title":{"rendered":"Iaso Tea Instant Ponche Tropical"},"content":{"rendered":"<p><strong> Iaso\u00ae T\u00e9 Instant\u00e1neo<\/strong><br \/>\nNuestra combinaci\u00f3n \u00fanica est\u00e1 dise\u00f1ada para proporcionar una limpieza suave del colon y una desintoxicaci\u00f3n natural del cuerpo.<\/p>\n<p>El Iaso\u00ae T\u00e9 Instant\u00e1neo contiene cualidades antiinflamatorias y antioxidantes. La suma de la fibra soluble en la f\u00f3rmula de Iaso\u00ae T\u00e9 Instant\u00e1neo est\u00e1 dise\u00f1ada para reducir el apetito y ayudarte a sentirte m\u00e1s satisfecho despu\u00e9s de comer. El Iaso\u00ae T\u00e9 Instant\u00e1neo trabaja sin\u00e9rgicamente con toda la l\u00ednea de productos y suplementos de salud y bienestar de Total Life Changes.<br \/>\nLa fibra soluble que hemos incluido en nuestro t\u00e9 fomenta un apetito saludable y te ayuda a sentirte lleno. En estudios se ha demostrado que la fibra soluble promueve una dieta saludable y mantiene el tracto digestivo saludable.<\/p>\n<p>1 Este producto es compatible con un estilo de vida saludable. Los resultados individuales no son garantizados y pueden variar seg\u00fan la dieta y el ejercicio. No podemos y no garantizamos que alcanzar\u00e1sun objetivo espec\u00edfico o resultado particular y aceptas el riesgo deque los resultados difieren para cada individuo.<br \/>\nEl \u00e9xito de la salud, el estado f\u00edsico y la nutrici\u00f3n depende de los antecedentes, la dedicaci\u00f3n, el deseo y motivaci\u00f3n de cada individuo. Siempre consulta con un profesional de la salud antes de consumir cualquier suplemento diet\u00e9tico.<\/p>\n","protected":false},"excerpt":{"rendered":"<p><strong>Desintoxicaci\u00f3n y Limpieza completamente naturales<\/strong><\/p>\n<p>Descubre el delicioso Iaso Tea Instant Ponche Tropical, tu aliado perfecto para el bienestar diario. Este suplemento diet\u00e9tico viene en una exclusiva bolsa colorida de 25 sobres individuales, que te permite preparar tu t\u00e9 favorito en segundos y disfrutar su inigualable sabor a ponche tropical en cualquier momento y lugar. Ideal para quienes desean cuidar su salud de forma pr\u00e1ctica y refrescante, cada sobre se disuelve f\u00e1cilmente en agua fr\u00eda o caliente, ofreci\u00e9ndote frescura y vitalidad con cada sorbo. Presentaci\u00f3n compacta y vibrante, perfecta para llevar en tu bolso, mochila o tener en casa.<\/p>\n","protected":false},"featured_media":624,"comment_status":"open","ping_status":"closed","template":"","meta":{"site-sidebar-layout":"default","site-content-layout":"","ast-site-content-layout":"default","site-content-style":"default","site-sidebar-style":"default","ast-global-header-display":"","ast-banner-title-visibility":"","ast-main-header-display":"","ast-hfb-above-header-display":"","ast-hfb-below-header-display":"","ast-hfb-mobile-header-display":"","site-post-title":"","ast-breadcrumbs-content":"","ast-featured-img":"","footer-sml-layout":"","theme-transparent-header-meta":"default","adv-header-id-meta":"","stick-header-meta":"","header-above-stick-meta":"","header-main-stick-meta":"","header-below-stick-meta":"","astra-migrate-meta-layouts":"set","ast-page-background-enabled":"default","ast-page-background-meta":{"desktop":{"background-color":"var(--ast-global-color-4)","background-image":"","background-repeat":"repeat","background-position":"center center","background-size":"auto","background-attachment":"scroll","background-type":"","background-media":"","overlay-type":"","overlay-color":"","overlay-opacity":"","overlay-gradient":""},"tablet":{"background-color":"","background-image":"","background-repeat":"repeat","background-position":"center center","background-size":"auto","background-attachment":"scroll","background-type":"","background-media":"","overlay-type":"","overlay-color":"","overlay-opacity":"","overlay-gradient":""},"mobile":{"background-color":"","background-image":"","background-repeat":"repeat","background-position":"center center","background-size":"auto","background-attachment":"scroll","background-type":"","background-media":"","overlay-type":"","overlay-color":"","overlay-opacity":"","overlay-gradient":""}},"ast-content-background-meta":{"desktop":{"background-color":"var(--ast-global-color-5)","background-image":"","background-repeat":"repeat","background-position":"center center","background-size":"auto","background-attachment":"scroll","background-type":"","background-media":"","overlay-type":"","overlay-color":"","overlay-opacity":"","overlay-gradient":""},"tablet":{"background-color":"var(--ast-global-color-5)","background-image":"","background-repeat":"repeat","background-position":"center center","background-size":"auto","background-attachment":"scroll","background-type":"","background-media":"","overlay-type":"","overlay-color":"","overlay-opacity":"","overlay-gradient":""},"mobile":{"background-color":"var(--ast-global-color-5)","background-image":"","background-repeat":"repeat","background-position":"center center","background-size":"auto","background-attachment":"scroll","background-type":"","background-media":"","overlay-type":"","overlay-color":"","overlay-opacity":"","overlay-gradient":""}}},"product_brand":[],"product_cat":[23],"product_tag":[24,25,26],"class_list":{"0":"post-633","1":"product","2":"type-product","3":"status-publish","4":"has-post-thumbnail","6":"product_cat-productos-para-control-de-peso","7":"product_tag-instantaneo","8":"product_tag-te","9":"product_tag-tropical","10":"desktop-align-left","11":"tablet-align-left","12":"mobile-align-left","14":"first","15":"instock","16":"shipping-taxable","17":"purchasable","18":"product-type-simple"},"aioseo_notices":[],"_links":{"self":[{"href":"https:\/\/productosmariagracia.com\/index.php?rest_route=\/wp\/v2\/product\/633","targetHints":{"allow":["GET"]}}],"collection":[{"href":"https:\/\/productosmariagracia.com\/index.php?rest_route=\/wp\/v2\/product"}],"about":[{"href":"https:\/\/productosmariagracia.com\/index.php?rest_route=\/wp\/v2\/types\/product"}],"replies":[{"embeddable":true,"href":"https:\/\/productosmariagracia.com\/index.php?rest_route=%2Fwp%2Fv2%2Fcomments&post=633"}],"version-history":[{"count":2,"href":"https:\/\/productosmariagracia.com\/index.php?rest_route=\/wp\/v2\/product\/633\/revisions"}],"predecessor-version":[{"id":1135,"href":"https:\/\/productosmariagracia.com\/index.php?rest_route=\/wp\/v2\/product\/633\/revisions\/1135"}],"wp:featuredmedia":[{"embeddable":true,"href":"https:\/\/productosmariagracia.com\/index.php?rest_route=\/wp\/v2\/media\/624"}],"wp:attachment":[{"href":"https:\/\/productosmariagracia.com\/index.php?rest_route=%2Fwp%2Fv2%2Fmedia&parent=633"}],"wp:term":[{"taxonomy":"product_brand","embeddable":true,"href":"https:\/\/productosmariagracia.com\/index.php?rest_route=%2Fwp%2Fv2%2Fproduct_brand&post=633"},{"taxonomy":"product_cat","embeddable":true,"href":"https:\/\/productosmariagracia.com\/index.php?rest_route=%2Fwp%2Fv2%2Fproduct_cat&post=633"},{"taxonomy":"product_tag","embeddable":true,"href":"https:\/\/productosmariagracia.com\/index.php?rest_route=%2Fwp%2Fv2%2Fproduct_tag&post=633"}],"curies":[{"name":"wp","href":"https:\/\/api.w.org\/{rel}","templated":true}]}}