{"id":635,"date":"2025-11-07T10:12:35","date_gmt":"2025-11-07T10:12:35","guid":{"rendered":"https:\/\/productosmariagracia.com\/?post_type=product&#038;p=635"},"modified":"2026-03-16T18:01:29","modified_gmt":"2026-03-16T18:01:29","slug":"delgada-cafe-instantaneo-premium","status":"publish","type":"product","link":"https:\/\/productosmariagracia.com\/?product=delgada-cafe-instantaneo-premium","title":{"rendered":"Delgada Caf\u00e9 Instant\u00e1neo Premium"},"content":{"rendered":"<p><strong>Bebe Y Adelgaza <\/strong><\/p>\n<p>Este producto es compatible con un estilo de vida saludable.<\/p>\n<p>Los resultados individuales no son garantizados y pueden variar seg\u00fan la dieta y el ejercicio. No podemos y no garantizamos que alcanzar\u00e1s un objetivo espec\u00edfico o resultado particular y aceptas el riesgo de que<br \/>\nlos resultados difieren para cada individuo.<br \/>\nEl \u00e9xito de la salud, el estado f\u00edsico y la nutrici\u00f3n depende de los antecedentes, la dedicaci\u00f3n, el deseo y motivaci\u00f3n de cada individuo. Siempre consulta con un profesional de la salud antes de consumir cualquier suplemento diet\u00e9tico.<\/p>\n","protected":false},"excerpt":{"rendered":"<h3 class=\"block-product__subtitle\">Suplemento diet\u00e9tico en sobres para un caf\u00e9 delicioso y saludable<\/h3>\n<p>&nbsp;<\/p>\n<p>Descubre Delgada Caf\u00e9 Instant\u00e1neo Premium, una exquisita mezcla de caf\u00e9 dise\u00f1ada para quienes buscan cuidar su bienestar y controlar el peso de forma pr\u00e1ctica y deliciosa. Disfruta de su inigualable sabor, f\u00e1cil preparaci\u00f3n y beneficios nutricionales en cada taza. Ideal para quienes desean complementar su rutina diaria con un caf\u00e9 saludable y sofisticado. Presentaci\u00f3n en envase de 200 gramos, color caf\u00e9 intenso.<\/p>\n","protected":false},"featured_media":617,"comment_status":"open","ping_status":"closed","template":"","meta":{"site-sidebar-layout":"default","site-content-layout":"","ast-site-content-layout":"default","site-content-style":"default","site-sidebar-style":"default","ast-global-header-display":"","ast-banner-title-visibility":"","ast-main-header-display":"","ast-hfb-above-header-display":"","ast-hfb-below-header-display":"","ast-hfb-mobile-header-display":"","site-post-title":"","ast-breadcrumbs-content":"","ast-featured-img":"","footer-sml-layout":"","theme-transparent-header-meta":"default","adv-header-id-meta":"","stick-header-meta":"","header-above-stick-meta":"","header-main-stick-meta":"","header-below-stick-meta":"","astra-migrate-meta-layouts":"set","ast-page-background-enabled":"default","ast-page-background-meta":{"desktop":{"background-color":"var(--ast-global-color-4)","background-image":"","background-repeat":"repeat","background-position":"center center","background-size":"auto","background-attachment":"scroll","background-type":"","background-media":"","overlay-type":"","overlay-color":"","overlay-opacity":"","overlay-gradient":""},"tablet":{"background-color":"","background-image":"","background-repeat":"repeat","background-position":"center center","background-size":"auto","background-attachment":"scroll","background-type":"","background-media":"","overlay-type":"","overlay-color":"","overlay-opacity":"","overlay-gradient":""},"mobile":{"background-color":"","background-image":"","background-repeat":"repeat","background-position":"center center","background-size":"auto","background-attachment":"scroll","background-type":"","background-media":"","overlay-type":"","overlay-color":"","overlay-opacity":"","overlay-gradient":""}},"ast-content-background-meta":{"desktop":{"background-color":"var(--ast-global-color-5)","background-image":"","background-repeat":"repeat","background-position":"center center","background-size":"auto","background-attachment":"scroll","background-type":"","background-media":"","overlay-type":"","overlay-color":"","overlay-opacity":"","overlay-gradient":""},"tablet":{"background-color":"var(--ast-global-color-5)","background-image":"","background-repeat":"repeat","background-position":"center center","background-size":"auto","background-attachment":"scroll","background-type":"","background-media":"","overlay-type":"","overlay-color":"","overlay-opacity":"","overlay-gradient":""},"mobile":{"background-color":"var(--ast-global-color-5)","background-image":"","background-repeat":"repeat","background-position":"center center","background-size":"auto","background-attachment":"scroll","background-type":"","background-media":"","overlay-type":"","overlay-color":"","overlay-opacity":"","overlay-gradient":""}}},"product_brand":[],"product_cat":[23],"product_tag":[27,24],"class_list":{"0":"post-635","1":"product","2":"type-product","3":"status-publish","4":"has-post-thumbnail","6":"product_cat-productos-para-control-de-peso","7":"product_tag-cafe","8":"product_tag-instantaneo","9":"desktop-align-left","10":"tablet-align-left","11":"mobile-align-left","13":"first","14":"instock","15":"shipping-taxable","16":"purchasable","17":"product-type-simple"},"aioseo_notices":[],"_links":{"self":[{"href":"https:\/\/productosmariagracia.com\/index.php?rest_route=\/wp\/v2\/product\/635","targetHints":{"allow":["GET"]}}],"collection":[{"href":"https:\/\/productosmariagracia.com\/index.php?rest_route=\/wp\/v2\/product"}],"about":[{"href":"https:\/\/productosmariagracia.com\/index.php?rest_route=\/wp\/v2\/types\/product"}],"replies":[{"embeddable":true,"href":"https:\/\/productosmariagracia.com\/index.php?rest_route=%2Fwp%2Fv2%2Fcomments&post=635"}],"version-history":[{"count":3,"href":"https:\/\/productosmariagracia.com\/index.php?rest_route=\/wp\/v2\/product\/635\/revisions"}],"predecessor-version":[{"id":955,"href":"https:\/\/productosmariagracia.com\/index.php?rest_route=\/wp\/v2\/product\/635\/revisions\/955"}],"wp:featuredmedia":[{"embeddable":true,"href":"https:\/\/productosmariagracia.com\/index.php?rest_route=\/wp\/v2\/media\/617"}],"wp:attachment":[{"href":"https:\/\/productosmariagracia.com\/index.php?rest_route=%2Fwp%2Fv2%2Fmedia&parent=635"}],"wp:term":[{"taxonomy":"product_brand","embeddable":true,"href":"https:\/\/productosmariagracia.com\/index.php?rest_route=%2Fwp%2Fv2%2Fproduct_brand&post=635"},{"taxonomy":"product_cat","embeddable":true,"href":"https:\/\/productosmariagracia.com\/index.php?rest_route=%2Fwp%2Fv2%2Fproduct_cat&post=635"},{"taxonomy":"product_tag","embeddable":true,"href":"https:\/\/productosmariagracia.com\/index.php?rest_route=%2Fwp%2Fv2%2Fproduct_tag&post=635"}],"curies":[{"name":"wp","href":"https:\/\/api.w.org\/{rel}","templated":true}]}}