{"id":638,"date":"2025-11-07T10:38:10","date_gmt":"2025-11-07T10:38:10","guid":{"rendered":"https:\/\/productosmariagracia.com\/?post_type=product&#038;p=638"},"modified":"2026-03-16T18:00:58","modified_gmt":"2026-03-16T18:00:58","slug":"nutraburst","status":"publish","type":"product","link":"https:\/\/productosmariagracia.com\/?product=nutraburst","title":{"rendered":"NutraBurst\u00ae"},"content":{"rendered":"<p><iframe title=\"TLC | \u00bfQu\u00e9 es el Nutra Burst de Total Life Changes?\" width=\"500\" height=\"281\" src=\"https:\/\/www.youtube.com\/embed\/33z18K3-A9k?feature=oembed\" frameborder=\"0\" allow=\"accelerometer; autoplay; clipboard-write; encrypted-media; gyroscope; picture-in-picture; web-share\" referrerpolicy=\"strict-origin-when-cross-origin\" allowfullscreen><\/iframe><\/p>\n<p><strong>Alimenta a Tu Cuerpo<\/strong><\/p>\n<p>El compuesto mineral unido crea un beneficio mayor que la suma de sus partes. NutraBurst es un suplemento vitam\u00ednico completo que cumple y excede el consumo diario recomendado de vitaminas y nutrientes esenciales en una sola cucharada.<\/p>\n<p>Estos ingredientes incluidos son vitales para mantener un cuerpo sano. NutraBurst proporciona calcio para los huesos, dientes y m\u00fasculos; Magnesio para el sistema nervioso; Cromo para ayudar a regular la insulina; Potasio para mantener el equilibrio de los l\u00edquidos; Fosforoso para apoyar el equilibrio \u00e1cido-base; Yodo para tumetabolismo; y muchos minerales comunes y traza importantes.<\/p>\n<p>1 NutraBurst es tambi\u00e9n una gran fuente de alimentos integrales a base de plantas. En estudios patrocinados por los Institutos Nacionales de la Salud, las dietas ricas en alimentos integrales a base de plantas se ha demostrado que respaldan el bienestar general del cuerpo.<\/p>\n<p>2 Si\u00e9ntete Mejor todo el D\u00eda y toda la Noche Esta multi f\u00f3rmula incluye diecinueve amino\u00e1cidos para garantizar que tu cuerpo est\u00e9 funcionando al m\u00e1ximo de su capacidad.<br \/>\nLos amino\u00e1cidos y las prote\u00ednas son los componentes b\u00e1sicos de la vida. Una gran proporci\u00f3n de nuestras c\u00e9lulas, m\u00fasculos y tejidos est\u00e1n formados por amino\u00e1cidos, lo que significa que son responsables de muchas funciones corporales importantes.<\/p>\n<p>Los amino\u00e1cidos en el NutraBurst pueden ayudar a la recuperaci\u00f3n muscular durante un programa de ejercicios saludable.<\/p>\n<p>3 Este producto es compatible con un estilo de vida saludable. Los resultados individuales no son garantizados y pueden variar seg\u00fan la dieta y el ejercicio. No podemos y no garantizamos que alcanzar\u00e1s un objetivo espec\u00edfico o resultado particular y aceptas el riesgo de que los resultados difieren para cada individuo. El \u00e9xito de la salud, el estado f\u00edsico y la nutrici\u00f3n depende de los antecedentes, la dedicaci\u00f3n, el deseo y motivaci\u00f3n de cada individuo. Siempre consulta con un profesional de la salud antes de consumir cualquier suplemento diet\u00e9tico.<\/p>\n","protected":false},"excerpt":{"rendered":"<p><strong> M\u00e1s que un Multivitam\u00ednico<\/strong><\/p>\n<p>NutraBurst es mucho m\u00e1s que un suplemento diario regular. Este l\u00edquido multivitam\u00ednico est\u00e1 dise\u00f1ado para desintoxicar tu cuerpo y suministrarle los nutrientes esenciales. Nuestra f\u00f3rmula contiene 72 minerales, 10 vitaminas, 22 Fitonutrientes, 19 amino\u00e1cidos, 13 verduras verdes enteras y 12 hierbas.<br \/>\nNutraBurst es m\u00e1s econ\u00f3mico de comprar que el mismo n\u00famero de nutrientes individuales proporcionados por diferentes botellas o c\u00e1psulas, y es m\u00e1s f\u00e1cil de ingerir que las p\u00edldoras y tabletas dif\u00edciles de tragar.<\/p>\n","protected":false},"featured_media":640,"comment_status":"open","ping_status":"closed","template":"","meta":{"site-sidebar-layout":"default","site-content-layout":"","ast-site-content-layout":"default","site-content-style":"default","site-sidebar-style":"default","ast-global-header-display":"","ast-banner-title-visibility":"","ast-main-header-display":"","ast-hfb-above-header-display":"","ast-hfb-below-header-display":"","ast-hfb-mobile-header-display":"","site-post-title":"","ast-breadcrumbs-content":"","ast-featured-img":"","footer-sml-layout":"","theme-transparent-header-meta":"default","adv-header-id-meta":"","stick-header-meta":"","header-above-stick-meta":"","header-main-stick-meta":"","header-below-stick-meta":"","astra-migrate-meta-layouts":"set","ast-page-background-enabled":"default","ast-page-background-meta":{"desktop":{"background-color":"var(--ast-global-color-4)","background-image":"","background-repeat":"repeat","background-position":"center center","background-size":"auto","background-attachment":"scroll","background-type":"","background-media":"","overlay-type":"","overlay-color":"","overlay-opacity":"","overlay-gradient":""},"tablet":{"background-color":"","background-image":"","background-repeat":"repeat","background-position":"center center","background-size":"auto","background-attachment":"scroll","background-type":"","background-media":"","overlay-type":"","overlay-color":"","overlay-opacity":"","overlay-gradient":""},"mobile":{"background-color":"","background-image":"","background-repeat":"repeat","background-position":"center center","background-size":"auto","background-attachment":"scroll","background-type":"","background-media":"","overlay-type":"","overlay-color":"","overlay-opacity":"","overlay-gradient":""}},"ast-content-background-meta":{"desktop":{"background-color":"var(--ast-global-color-5)","background-image":"","background-repeat":"repeat","background-position":"center center","background-size":"auto","background-attachment":"scroll","background-type":"","background-media":"","overlay-type":"","overlay-color":"","overlay-opacity":"","overlay-gradient":""},"tablet":{"background-color":"var(--ast-global-color-5)","background-image":"","background-repeat":"repeat","background-position":"center center","background-size":"auto","background-attachment":"scroll","background-type":"","background-media":"","overlay-type":"","overlay-color":"","overlay-opacity":"","overlay-gradient":""},"mobile":{"background-color":"var(--ast-global-color-5)","background-image":"","background-repeat":"repeat","background-position":"center center","background-size":"auto","background-attachment":"scroll","background-type":"","background-media":"","overlay-type":"","overlay-color":"","overlay-opacity":"","overlay-gradient":""}}},"product_brand":[],"product_cat":[28],"product_tag":[29,30],"class_list":{"0":"post-638","1":"product","2":"type-product","3":"status-publish","4":"has-post-thumbnail","6":"product_cat-salud-y-belleza","7":"product_tag-salud","8":"product_tag-vitaminico","9":"desktop-align-left","10":"tablet-align-left","11":"mobile-align-left","13":"first","14":"instock","15":"shipping-taxable","16":"purchasable","17":"product-type-simple"},"aioseo_notices":[],"_links":{"self":[{"href":"https:\/\/productosmariagracia.com\/index.php?rest_route=\/wp\/v2\/product\/638","targetHints":{"allow":["GET"]}}],"collection":[{"href":"https:\/\/productosmariagracia.com\/index.php?rest_route=\/wp\/v2\/product"}],"about":[{"href":"https:\/\/productosmariagracia.com\/index.php?rest_route=\/wp\/v2\/types\/product"}],"replies":[{"embeddable":true,"href":"https:\/\/productosmariagracia.com\/index.php?rest_route=%2Fwp%2Fv2%2Fcomments&post=638"}],"version-history":[{"count":2,"href":"https:\/\/productosmariagracia.com\/index.php?rest_route=\/wp\/v2\/product\/638\/revisions"}],"predecessor-version":[{"id":725,"href":"https:\/\/productosmariagracia.com\/index.php?rest_route=\/wp\/v2\/product\/638\/revisions\/725"}],"wp:featuredmedia":[{"embeddable":true,"href":"https:\/\/productosmariagracia.com\/index.php?rest_route=\/wp\/v2\/media\/640"}],"wp:attachment":[{"href":"https:\/\/productosmariagracia.com\/index.php?rest_route=%2Fwp%2Fv2%2Fmedia&parent=638"}],"wp:term":[{"taxonomy":"product_brand","embeddable":true,"href":"https:\/\/productosmariagracia.com\/index.php?rest_route=%2Fwp%2Fv2%2Fproduct_brand&post=638"},{"taxonomy":"product_cat","embeddable":true,"href":"https:\/\/productosmariagracia.com\/index.php?rest_route=%2Fwp%2Fv2%2Fproduct_cat&post=638"},{"taxonomy":"product_tag","embeddable":true,"href":"https:\/\/productosmariagracia.com\/index.php?rest_route=%2Fwp%2Fv2%2Fproduct_tag&post=638"}],"curies":[{"name":"wp","href":"https:\/\/api.w.org\/{rel}","templated":true}]}}