{"id":641,"date":"2025-11-07T10:49:00","date_gmt":"2025-11-07T10:49:00","guid":{"rendered":"https:\/\/productosmariagracia.com\/?post_type=product&#038;p=641"},"modified":"2026-03-16T18:00:34","modified_gmt":"2026-03-16T18:00:34","slug":"nrg","status":"publish","type":"product","link":"https:\/\/productosmariagracia.com\/?product=nrg","title":{"rendered":"NRG"},"content":{"rendered":"<p>Este suplemento diet\u00e9tico completamente natural est\u00e1 dise\u00f1ado para mejorar tu energ\u00eda y reducir el hambre sin el \u201cnerviosismo\u201d o el agotamiento repentino de energ\u00eda. Incluye Advantra Z \u2122, un ingrediente completamente natural dise\u00f1ado para respaldar y hacerte sentir bien despu\u00e9s de tu rutina de ejercicios.<br \/>\nEste producto es compatible con un estilo de vida saludable. Los resultados individuales no son garantizados y pueden variar seg\u00fan la dieta y el ejercicio.<\/p>\n<p>No podemos y no garantizamos que alcanzar\u00e1s un objetivo espec\u00edfico o resultado particular y aceptas el riesgo de que los resultados difieren para cada individuo. El \u00e9xito de la salud, el estado f\u00edsico y la nutrici\u00f3n depende de los antecedentes, la dedicaci\u00f3n, el deseo y motivaci\u00f3n de cada individuo. Siempre consulta con un<br \/>\nprofesional de la salud antes de consumir cualquier suplemento diet\u00e9tico.<\/p>\n","protected":false},"excerpt":{"rendered":"<h2 class=\"block-product__subtitle\">Suplemento diet\u00e9tico para aumentar tu energ\u00eda<\/h2>\n<p>Descubre NRG, el suplemento en c\u00e1psulas dise\u00f1ado para potenciar tu energ\u00eda y mantener tu enfoque durante toda la jornada. Ideal para quienes buscan una vitalidad extra, NRG te ayuda a sentirte renovado y listo para rendir al m\u00e1ximo en tus actividades diarias. Disponible en presentaci\u00f3n de 60 c\u00e1psulas, su formato pr\u00e1ctico te permite llevarlo contigo a cualquier lugar. \u00a1Activa tu d\u00eda con NRG y disfruta de una energ\u00eda constante!<\/p>\n","protected":false},"featured_media":626,"comment_status":"open","ping_status":"closed","template":"","meta":{"site-sidebar-layout":"default","site-content-layout":"","ast-site-content-layout":"default","site-content-style":"default","site-sidebar-style":"default","ast-global-header-display":"","ast-banner-title-visibility":"","ast-main-header-display":"","ast-hfb-above-header-display":"","ast-hfb-below-header-display":"","ast-hfb-mobile-header-display":"","site-post-title":"","ast-breadcrumbs-content":"","ast-featured-img":"","footer-sml-layout":"","theme-transparent-header-meta":"default","adv-header-id-meta":"","stick-header-meta":"","header-above-stick-meta":"","header-main-stick-meta":"","header-below-stick-meta":"","astra-migrate-meta-layouts":"set","ast-page-background-enabled":"default","ast-page-background-meta":{"desktop":{"background-color":"var(--ast-global-color-4)","background-image":"","background-repeat":"repeat","background-position":"center center","background-size":"auto","background-attachment":"scroll","background-type":"","background-media":"","overlay-type":"","overlay-color":"","overlay-opacity":"","overlay-gradient":""},"tablet":{"background-color":"","background-image":"","background-repeat":"repeat","background-position":"center center","background-size":"auto","background-attachment":"scroll","background-type":"","background-media":"","overlay-type":"","overlay-color":"","overlay-opacity":"","overlay-gradient":""},"mobile":{"background-color":"","background-image":"","background-repeat":"repeat","background-position":"center center","background-size":"auto","background-attachment":"scroll","background-type":"","background-media":"","overlay-type":"","overlay-color":"","overlay-opacity":"","overlay-gradient":""}},"ast-content-background-meta":{"desktop":{"background-color":"var(--ast-global-color-5)","background-image":"","background-repeat":"repeat","background-position":"center center","background-size":"auto","background-attachment":"scroll","background-type":"","background-media":"","overlay-type":"","overlay-color":"","overlay-opacity":"","overlay-gradient":""},"tablet":{"background-color":"var(--ast-global-color-5)","background-image":"","background-repeat":"repeat","background-position":"center center","background-size":"auto","background-attachment":"scroll","background-type":"","background-media":"","overlay-type":"","overlay-color":"","overlay-opacity":"","overlay-gradient":""},"mobile":{"background-color":"var(--ast-global-color-5)","background-image":"","background-repeat":"repeat","background-position":"center center","background-size":"auto","background-attachment":"scroll","background-type":"","background-media":"","overlay-type":"","overlay-color":"","overlay-opacity":"","overlay-gradient":""}}},"product_brand":[],"product_cat":[28],"product_tag":[],"class_list":{"0":"post-641","1":"product","2":"type-product","3":"status-publish","4":"has-post-thumbnail","6":"product_cat-salud-y-belleza","7":"desktop-align-left","8":"tablet-align-left","9":"mobile-align-left","11":"first","12":"instock","13":"shipping-taxable","14":"purchasable","15":"product-type-simple"},"aioseo_notices":[],"_links":{"self":[{"href":"https:\/\/productosmariagracia.com\/index.php?rest_route=\/wp\/v2\/product\/641","targetHints":{"allow":["GET"]}}],"collection":[{"href":"https:\/\/productosmariagracia.com\/index.php?rest_route=\/wp\/v2\/product"}],"about":[{"href":"https:\/\/productosmariagracia.com\/index.php?rest_route=\/wp\/v2\/types\/product"}],"replies":[{"embeddable":true,"href":"https:\/\/productosmariagracia.com\/index.php?rest_route=%2Fwp%2Fv2%2Fcomments&post=641"}],"version-history":[{"count":1,"href":"https:\/\/productosmariagracia.com\/index.php?rest_route=\/wp\/v2\/product\/641\/revisions"}],"predecessor-version":[{"id":1134,"href":"https:\/\/productosmariagracia.com\/index.php?rest_route=\/wp\/v2\/product\/641\/revisions\/1134"}],"wp:featuredmedia":[{"embeddable":true,"href":"https:\/\/productosmariagracia.com\/index.php?rest_route=\/wp\/v2\/media\/626"}],"wp:attachment":[{"href":"https:\/\/productosmariagracia.com\/index.php?rest_route=%2Fwp%2Fv2%2Fmedia&parent=641"}],"wp:term":[{"taxonomy":"product_brand","embeddable":true,"href":"https:\/\/productosmariagracia.com\/index.php?rest_route=%2Fwp%2Fv2%2Fproduct_brand&post=641"},{"taxonomy":"product_cat","embeddable":true,"href":"https:\/\/productosmariagracia.com\/index.php?rest_route=%2Fwp%2Fv2%2Fproduct_cat&post=641"},{"taxonomy":"product_tag","embeddable":true,"href":"https:\/\/productosmariagracia.com\/index.php?rest_route=%2Fwp%2Fv2%2Fproduct_tag&post=641"}],"curies":[{"name":"wp","href":"https:\/\/api.w.org\/{rel}","templated":true}]}}