{"id":642,"date":"2025-11-07T10:53:19","date_gmt":"2025-11-07T10:53:19","guid":{"rendered":"https:\/\/productosmariagracia.com\/?post_type=product&#038;p=642"},"modified":"2026-03-16T17:57:57","modified_gmt":"2026-03-16T17:57:57","slug":"chaga","status":"publish","type":"product","link":"https:\/\/productosmariagracia.com\/?product=chaga","title":{"rendered":"Chaga"},"content":{"rendered":"<p>El extracto de Chaga siberiano 100% puro es un superalimento totalmente natural completamente natural, conocido por su alto contenido de melanina y super\u00f3xido dismutasa (SOD), los cuales funcionan como antioxidantes.<\/p>\n<p>Chaga contiene numerosas vitaminas y minerales. Tambi\u00e9n es una de las fuentes m\u00e1s densas de vitamina B5,<br \/>\nque apoya las gl\u00e1ndulas suprarrenales y los \u00f3rganos digestivos. *\u00a0 Chaga (Inonotus Obliquus) es un hongo del Lejano Oriente. Su extracto es una de las adiciones m\u00e1s nuevas y poderosas a l\u00ednea de suplementos Iaso\u00ae de TLC.<\/p>\n<p>Chaga se ha utilizado como un suplemento esencial alimenticio por muchos a\u00f1os por aldeanos de Jap\u00f3n, Corea<br \/>\ny Rusia. Funciona como antioxidante, apoyando numerosos sistemas del cuerpo para brindarte una sensaci\u00f3n general de bienestar. * TLC es la primera compa\u00f1\u00eda de mercadeo en redes en ofrecer c\u00e1psulas de 500mg de extracto 100% puro de Chaga Siberiano.<\/p>\n","protected":false},"excerpt":{"rendered":"<p><strong>Chaga El Rey de las Hierbas<\/strong><\/p>\n<p>Descubre el poder natural del Chaga en c\u00e1psulas, un suplemento premium elaborado para apoyar tu salud y vitalidad todos los d\u00edas. Cada envase contiene 90 c\u00e1psulas f\u00e1ciles de tomar, perfectas para complementar tu rutina alimenticia y potenciar tu bienestar. Nuestro producto destaca por su pureza y concentraci\u00f3n, cada c\u00e1psula contiene extracto de chaga seleccionado cuidadosamente. El empaque es moderno y resistente, ideal para llevar contigo a cualquier lugar. A\u00f1ade este aliado natural a tu estilo de vida y experimenta sus reconocidos beneficios antioxidantes y energizantes.<\/p>\n","protected":false},"featured_media":627,"comment_status":"open","ping_status":"closed","template":"","meta":{"site-sidebar-layout":"default","site-content-layout":"","ast-site-content-layout":"default","site-content-style":"default","site-sidebar-style":"default","ast-global-header-display":"","ast-banner-title-visibility":"","ast-main-header-display":"","ast-hfb-above-header-display":"","ast-hfb-below-header-display":"","ast-hfb-mobile-header-display":"","site-post-title":"","ast-breadcrumbs-content":"","ast-featured-img":"","footer-sml-layout":"","theme-transparent-header-meta":"default","adv-header-id-meta":"","stick-header-meta":"","header-above-stick-meta":"","header-main-stick-meta":"","header-below-stick-meta":"","astra-migrate-meta-layouts":"set","ast-page-background-enabled":"default","ast-page-background-meta":{"desktop":{"background-color":"var(--ast-global-color-4)","background-image":"","background-repeat":"repeat","background-position":"center center","background-size":"auto","background-attachment":"scroll","background-type":"","background-media":"","overlay-type":"","overlay-color":"","overlay-opacity":"","overlay-gradient":""},"tablet":{"background-color":"","background-image":"","background-repeat":"repeat","background-position":"center center","background-size":"auto","background-attachment":"scroll","background-type":"","background-media":"","overlay-type":"","overlay-color":"","overlay-opacity":"","overlay-gradient":""},"mobile":{"background-color":"","background-image":"","background-repeat":"repeat","background-position":"center center","background-size":"auto","background-attachment":"scroll","background-type":"","background-media":"","overlay-type":"","overlay-color":"","overlay-opacity":"","overlay-gradient":""}},"ast-content-background-meta":{"desktop":{"background-color":"var(--ast-global-color-5)","background-image":"","background-repeat":"repeat","background-position":"center center","background-size":"auto","background-attachment":"scroll","background-type":"","background-media":"","overlay-type":"","overlay-color":"","overlay-opacity":"","overlay-gradient":""},"tablet":{"background-color":"var(--ast-global-color-5)","background-image":"","background-repeat":"repeat","background-position":"center center","background-size":"auto","background-attachment":"scroll","background-type":"","background-media":"","overlay-type":"","overlay-color":"","overlay-opacity":"","overlay-gradient":""},"mobile":{"background-color":"var(--ast-global-color-5)","background-image":"","background-repeat":"repeat","background-position":"center center","background-size":"auto","background-attachment":"scroll","background-type":"","background-media":"","overlay-type":"","overlay-color":"","overlay-opacity":"","overlay-gradient":""}}},"product_brand":[],"product_cat":[28],"product_tag":[],"class_list":{"0":"post-642","1":"product","2":"type-product","3":"status-publish","4":"has-post-thumbnail","6":"product_cat-salud-y-belleza","7":"desktop-align-left","8":"tablet-align-left","9":"mobile-align-left","11":"first","12":"instock","13":"shipping-taxable","14":"purchasable","15":"product-type-simple"},"aioseo_notices":[],"_links":{"self":[{"href":"https:\/\/productosmariagracia.com\/index.php?rest_route=\/wp\/v2\/product\/642","targetHints":{"allow":["GET"]}}],"collection":[{"href":"https:\/\/productosmariagracia.com\/index.php?rest_route=\/wp\/v2\/product"}],"about":[{"href":"https:\/\/productosmariagracia.com\/index.php?rest_route=\/wp\/v2\/types\/product"}],"replies":[{"embeddable":true,"href":"https:\/\/productosmariagracia.com\/index.php?rest_route=%2Fwp%2Fv2%2Fcomments&post=642"}],"version-history":[{"count":2,"href":"https:\/\/productosmariagracia.com\/index.php?rest_route=\/wp\/v2\/product\/642\/revisions"}],"predecessor-version":[{"id":713,"href":"https:\/\/productosmariagracia.com\/index.php?rest_route=\/wp\/v2\/product\/642\/revisions\/713"}],"wp:featuredmedia":[{"embeddable":true,"href":"https:\/\/productosmariagracia.com\/index.php?rest_route=\/wp\/v2\/media\/627"}],"wp:attachment":[{"href":"https:\/\/productosmariagracia.com\/index.php?rest_route=%2Fwp%2Fv2%2Fmedia&parent=642"}],"wp:term":[{"taxonomy":"product_brand","embeddable":true,"href":"https:\/\/productosmariagracia.com\/index.php?rest_route=%2Fwp%2Fv2%2Fproduct_brand&post=642"},{"taxonomy":"product_cat","embeddable":true,"href":"https:\/\/productosmariagracia.com\/index.php?rest_route=%2Fwp%2Fv2%2Fproduct_cat&post=642"},{"taxonomy":"product_tag","embeddable":true,"href":"https:\/\/productosmariagracia.com\/index.php?rest_route=%2Fwp%2Fv2%2Fproduct_tag&post=642"}],"curies":[{"name":"wp","href":"https:\/\/api.w.org\/{rel}","templated":true}]}}