{"id":647,"date":"2025-11-07T11:07:55","date_gmt":"2025-11-07T11:07:55","guid":{"rendered":"https:\/\/productosmariagracia.com\/?post_type=product&#038;p=647"},"modified":"2026-03-16T17:58:48","modified_gmt":"2026-03-16T17:58:48","slug":"infinity-oil","status":"publish","type":"product","link":"https:\/\/productosmariagracia.com\/?product=infinity-oil","title":{"rendered":"Infinity Oil"},"content":{"rendered":"<p><strong>CONSIENTE A TU PIEL DE FORMA NATURAL<\/strong><\/p>\n<p>Hidrata, suaviza y protege tu piel con Infinity Oil, la forma 100% natural de consentir tu piel mientras evitas los productos qu\u00edmicos!<br \/>\nSus ingredientes totalmente naturales contienen propiedades queayudan a mantener la salud de tu piel, haci\u00e9ndola lucir m\u00e1s suave y tersa.*<br \/>\nEste producto es compatible con un estilo de vida saludable. Los resultados individuales no son garantizados y pueden variar seg\u00fan la dieta y el ejercicio. No podemos y no garantizamos que alcanzar\u00e1s un objetivo espec\u00edfico o resultado particular y aceptas el riesgo de que los resultados difieren para cada individuo. El \u00e9xito de la salud, el estado f\u00edsico y la nutrici\u00f3n depende de los antecedentes, la dedicaci\u00f3n, el deseo y motivaci\u00f3n<br \/>\nde cada individuo. Siempre consulta con un profesional de la salud antes de consumir cualquier suplemento diet\u00e9tico.<\/p>\n","protected":false},"excerpt":{"rendered":"<h2 class=\"block-product__subtitle\">Aceite natural para el cuidado de la piel<\/h2>\n<p>Infinity Oil es un aceite nutritivo de textura suave y ligera que hidrata profundamente tu piel, mejorando visiblemente su apariencia y luminosidad. Perfecto para el uso diario, este producto ayuda a restaurar la elasticidad y vitalidad, dejando tu piel m\u00e1s radiante y saludable desde la primera aplicaci\u00f3n. Disponible en presentaci\u00f3n de 100 ml, su f\u00f3rmula est\u00e1 dise\u00f1ada para adaptarse a todo tipo de piel. \u00a1Descubre el secreto de una piel perfectamente nutrida con Infinity Oil!<\/p>\n","protected":false},"featured_media":629,"comment_status":"open","ping_status":"closed","template":"","meta":{"site-sidebar-layout":"default","site-content-layout":"","ast-site-content-layout":"default","site-content-style":"default","site-sidebar-style":"default","ast-global-header-display":"","ast-banner-title-visibility":"","ast-main-header-display":"","ast-hfb-above-header-display":"","ast-hfb-below-header-display":"","ast-hfb-mobile-header-display":"","site-post-title":"","ast-breadcrumbs-content":"","ast-featured-img":"","footer-sml-layout":"","theme-transparent-header-meta":"default","adv-header-id-meta":"","stick-header-meta":"","header-above-stick-meta":"","header-main-stick-meta":"","header-below-stick-meta":"","astra-migrate-meta-layouts":"set","ast-page-background-enabled":"default","ast-page-background-meta":{"desktop":{"background-color":"var(--ast-global-color-4)","background-image":"","background-repeat":"repeat","background-position":"center center","background-size":"auto","background-attachment":"scroll","background-type":"","background-media":"","overlay-type":"","overlay-color":"","overlay-opacity":"","overlay-gradient":""},"tablet":{"background-color":"","background-image":"","background-repeat":"repeat","background-position":"center center","background-size":"auto","background-attachment":"scroll","background-type":"","background-media":"","overlay-type":"","overlay-color":"","overlay-opacity":"","overlay-gradient":""},"mobile":{"background-color":"","background-image":"","background-repeat":"repeat","background-position":"center center","background-size":"auto","background-attachment":"scroll","background-type":"","background-media":"","overlay-type":"","overlay-color":"","overlay-opacity":"","overlay-gradient":""}},"ast-content-background-meta":{"desktop":{"background-color":"var(--ast-global-color-5)","background-image":"","background-repeat":"repeat","background-position":"center center","background-size":"auto","background-attachment":"scroll","background-type":"","background-media":"","overlay-type":"","overlay-color":"","overlay-opacity":"","overlay-gradient":""},"tablet":{"background-color":"var(--ast-global-color-5)","background-image":"","background-repeat":"repeat","background-position":"center center","background-size":"auto","background-attachment":"scroll","background-type":"","background-media":"","overlay-type":"","overlay-color":"","overlay-opacity":"","overlay-gradient":""},"mobile":{"background-color":"var(--ast-global-color-5)","background-image":"","background-repeat":"repeat","background-position":"center center","background-size":"auto","background-attachment":"scroll","background-type":"","background-media":"","overlay-type":"","overlay-color":"","overlay-opacity":"","overlay-gradient":""}}},"product_brand":[],"product_cat":[28],"product_tag":[],"class_list":{"0":"post-647","1":"product","2":"type-product","3":"status-publish","4":"has-post-thumbnail","6":"product_cat-salud-y-belleza","7":"desktop-align-left","8":"tablet-align-left","9":"mobile-align-left","11":"first","12":"instock","13":"shipping-taxable","14":"purchasable","15":"product-type-simple"},"aioseo_notices":[],"_links":{"self":[{"href":"https:\/\/productosmariagracia.com\/index.php?rest_route=\/wp\/v2\/product\/647","targetHints":{"allow":["GET"]}}],"collection":[{"href":"https:\/\/productosmariagracia.com\/index.php?rest_route=\/wp\/v2\/product"}],"about":[{"href":"https:\/\/productosmariagracia.com\/index.php?rest_route=\/wp\/v2\/types\/product"}],"replies":[{"embeddable":true,"href":"https:\/\/productosmariagracia.com\/index.php?rest_route=%2Fwp%2Fv2%2Fcomments&post=647"}],"version-history":[{"count":1,"href":"https:\/\/productosmariagracia.com\/index.php?rest_route=\/wp\/v2\/product\/647\/revisions"}],"predecessor-version":[{"id":1133,"href":"https:\/\/productosmariagracia.com\/index.php?rest_route=\/wp\/v2\/product\/647\/revisions\/1133"}],"wp:featuredmedia":[{"embeddable":true,"href":"https:\/\/productosmariagracia.com\/index.php?rest_route=\/wp\/v2\/media\/629"}],"wp:attachment":[{"href":"https:\/\/productosmariagracia.com\/index.php?rest_route=%2Fwp%2Fv2%2Fmedia&parent=647"}],"wp:term":[{"taxonomy":"product_brand","embeddable":true,"href":"https:\/\/productosmariagracia.com\/index.php?rest_route=%2Fwp%2Fv2%2Fproduct_brand&post=647"},{"taxonomy":"product_cat","embeddable":true,"href":"https:\/\/productosmariagracia.com\/index.php?rest_route=%2Fwp%2Fv2%2Fproduct_cat&post=647"},{"taxonomy":"product_tag","embeddable":true,"href":"https:\/\/productosmariagracia.com\/index.php?rest_route=%2Fwp%2Fv2%2Fproduct_tag&post=647"}],"curies":[{"name":"wp","href":"https:\/\/api.w.org\/{rel}","templated":true}]}}